{"id":35,"date":"2020-03-06T14:59:20","date_gmt":"2020-03-06T13:59:20","guid":{"rendered":"https:\/\/champagne-fedyk-chambres-hotes-hautvillers.com\/champagne-fedyk\/?page_id=35"},"modified":"2025-01-07T09:51:17","modified_gmt":"2025-01-07T08:51:17","slug":"cuvees","status":"publish","type":"page","link":"https:\/\/www.champagne-fedyk-chambres-hotes-hautvillers.com\/champagne-fedyk\/cuvees\/","title":{"rendered":"Cuv\u00e9es"},"content":{"rendered":"\r\n<div class=\"wp-block-columns is-layout-flex wp-container-3\">\r\n<div class=\"wp-block-column is-layout-flow\">\r\n<figure class=\"wp-block-image size-large\"><img decoding=\"async\" style=\"\" class=\"wp-image-157\" src=\"https:\/\/champagne-fedyk-chambres-hotes-hautvillers.com\/champagne-fedyk\/wp-content\/uploads\/2022\/10\/detail-blanc-2_web-modifie-1.jpg\" alt=\"cuvee-reserve\" \/><\/figure>\r\n<\/div>\r\n\r\n\r\n\r\n<div class=\"wp-block-column is-layout-flow\">\r\n<h2 class=\"wp-block-heading\">CHAMPAGNE BRUT RESERVE<\/h2>\r\n\r\n\r\n\r\n<h6 class=\"wp-block-heading\">C\u00e9pages<\/h6>\r\n\r\n\r\n\r\n<p>25% Chardonnay, 35% Pinot Noir, 40% Meunier<\/p>\r\n\r\n\r\n\r\n<h6 class=\"wp-block-heading\">Visuel<\/h6>\r\n\r\n\r\n\r\n<p>Son aspect visuel est cristallin, de fines bulles se d\u00e9gagent de fa\u00e7on harmonieuse cr\u00e9ant une belle persistance.<\/p>\r\n\r\n\r\n\r\n<h6 class=\"wp-block-heading\">Ar\u00f4mes<\/h6>\r\n\r\n\r\n\r\n<p>Ses ar\u00f4mes sont francs et agr\u00e9ables, ar\u00f4mes de fleurs blanches, d&rsquo;aub\u00e9pines, de pain blanc croustillant et de foug\u00e8res.<\/p>\r\n\r\n\r\n\r\n<ul id=\"block-f835f3c9-3e02-4848-89db-734be3cbfd67\">\r\n<li>Flacon (75 cl) 21,00 \u20ac<\/li>\r\n<li>Exp\u00e9di\u00e9 par colis de 6 flacons<\/li>\r\n<li>Exp\u00e9ditions hors France M\u00e9tropolitaine : nous <a href=\"https:\/\/champagne-fedyk-chambres-hotes-hautvillers.com\/champagne-fedyk\/?page_id=45\">contacter<\/a>.<\/li>\r\n<li>Commandes \u00e0 partir de 54 flacons: nous <a href=\"https:\/\/champagne-fedyk-chambres-hotes-hautvillers.com\/champagne-fedyk\/?page_id=45\">contacter<\/a>.<\/li>\r\n<li>Tarifs enl\u00e8vement au Domaine Fedyk : nous <a href=\"https:\/\/champagne-fedyk-chambres-hotes-hautvillers.com\/champagne-fedyk\/?page_id=45\">contacter<\/a>.<\/li>\r\n<\/ul>\r\n\r\n\r\n\r\n<p><a class=\"cuvees_go_to_shop_link\" href=\"https:\/\/champagne-fedyk-chambres-hotes-hautvillers.com\/champagne-fedyk\/e-boutique\/\">Acheter<\/a><\/p>\r\n<\/div>\r\n<\/div>\r\n\r\n\r\n\r\n<div class=\"wp-block-columns is-layout-flex wp-container-6\">\r\n<div class=\"wp-block-column is-layout-flow\">\r\n<h2 class=\"wp-block-heading\">CHAMPAGNE BRUT ROSE<\/h2>\r\n\r\n\r\n\r\n<h6 class=\"wp-block-heading\">C\u00e9PAGES<\/h6>\r\n\r\n\r\n\r\n<p>45% Pinot Meunier, 35% Pinot Noir, 20% Chardonnay, dont 20% de vin AOC rouge<\/p>\r\n\r\n\r\n\r\n<h6 class=\"wp-block-heading\">Visuel<\/h6>\r\n\r\n\r\n\r\n<p>Ce Champagne ros\u00e9 se pare d&rsquo;une charmante robe saumon\u00e9e avec de jolis reflets argent\u00e9s.<\/p>\r\n\r\n\r\n\r\n<p>Sa limpidit\u00e9 est remarquable, laissant s&rsquo;exprimer le d\u00e9fil\u00e9 incessant des bulles qui s&rsquo;\u00e9panouissent \u00e0 la surface.<\/p>\r\n\r\n\r\n\r\n<h6 class=\"wp-block-heading\">Ar\u00f4mes<\/h6>\r\n\r\n\r\n\r\n<p>Ses parfums nous plongent au c\u0153ur d&rsquo;un jardin de senteurs de fruits rouges, tel que la fraise, la framboise\u2026<\/p>\r\n\r\n\r\n\r\n<ul>\r\n<li>Flacon (75 cl) 22.00 \u20ac<\/li>\r\n<li>Exp\u00e9di\u00e9 par colis de 6 flacons<\/li>\r\n<li>Exp\u00e9ditions hors France M\u00e9tropolitaine : nous <a href=\"https:\/\/champagne-fedyk-chambres-hotes-hautvillers.com\/champagne-fedyk\/?page_id=45\" data-type=\"page\" data-id=\"45\">contacter<\/a>.<\/li>\r\n<li>Commandes \u00e0 partir de 54 flacons: nous <a href=\"https:\/\/champagne-fedyk-chambres-hotes-hautvillers.com\/champagne-fedyk\/?page_id=45\" data-type=\"page\" data-id=\"45\">contacter<\/a>.<\/li>\r\n<li>Tarifs enl\u00e8vement au Domaine Fedyk : nous <a href=\"https:\/\/champagne-fedyk-chambres-hotes-hautvillers.com\/champagne-fedyk\/?page_id=45\" data-type=\"page\" data-id=\"45\">contacter<\/a>.<\/li>\r\n<\/ul>\r\n\r\n\r\n\r\n<p><a class=\"cuvees_go_to_shop_link\" href=\"https:\/\/champagne-fedyk-chambres-hotes-hautvillers.com\/champagne-fedyk\/e-boutique\/\">Acheter<\/a><\/p>\r\n<\/div>\r\n\r\n\r\n\r\n<div class=\"wp-block-column is-layout-flow\">\r\n<figure class=\"wp-block-image size-large\"><img decoding=\"async\" class=\"wp-image-162\" src=\"https:\/\/champagne-fedyk-chambres-hotes-hautvillers.com\/champagne-fedyk\/wp-content\/uploads\/2022\/10\/detail-rose-2_web.jpg\" alt=\"cuvee-rosee\" \/><\/figure>\r\n<\/div>\r\n<\/div>\r\n<!-- COLLAGE -->\r\n<p>&nbsp;<\/p>\r\n<p>&nbsp;<\/p>\r\n\r\n<div class=\"wp-block-columns is-layout-flex wp-container-9\">\r\n<div class=\"wp-block-column is-layout-flow\">\r\n<figure class=\"wp-block-image size-large\"><img decoding=\"async\" class=\"wp-image-157\" src=\"https:\/\/champagne-fedyk-chambres-hotes-hautvillers.com\/champagne-fedyk\/wp-content\/uploads\/2023\/01\/Bouteille-nos-champagne-blanc-de-blancs-scaled.jpg\" alt=\"cuvee-bdb\" \/><\/figure>\r\n<\/div>\r\n\r\n\r\n\r\n<div class=\"wp-block-column is-layout-flow\">\r\n<h2 class=\"wp-block-heading\">CHAMPAGNE BLANC DE BLANCS<\/h2>\r\n\r\n\r\n\r\n<h6 class=\"wp-block-heading\">C\u00e9pages<\/h6>\r\n\r\n\r\n\r\n<p>100% Chardonnay<\/p>\r\n\r\n\r\n\r\n<h6 class=\"wp-block-heading\">Visuel<\/h6>\r\n\r\n\r\n\r\n<p>Une robe pure et lumineuse, de couleur jaune p\u00e2le, anim\u00e9e par des bulles fines et vives qui alimentent un cordon d\u00e9licat.<\/p>\r\n\r\n\r\n\r\n<h6 class=\"wp-block-heading\">Ar\u00f4mes<\/h6>\r\n\r\n\r\n\r\n<p>Le premier nez se montre concentr\u00e9, exprimant des ar\u00f4mes de fleurs blanches et d\u2019agrumes.<\/p>\r\n\r\n\r\n\r\n<ul id=\"block-f835f3c9-3e02-4848-89db-734be3cbfd67\">\r\n<li>Flacon (75 cl) 24,00 \u20ac<\/li>\r\n<li>Exp\u00e9di\u00e9 par colis de 6 flacons<\/li>\r\n<li>Exp\u00e9ditions hors France M\u00e9tropolitaine : nous <a href=\"https:\/\/champagne-fedyk-chambres-hotes-hautvillers.com\/champagne-fedyk\/?page_id=45\">contacter<\/a>.<\/li>\r\n<li>Commandes \u00e0 partir de 54 flacons: nous <a href=\"https:\/\/champagne-fedyk-chambres-hotes-hautvillers.com\/champagne-fedyk\/?page_id=45\">contacter<\/a>.<\/li>\r\n<li>Tarifs enl\u00e8vement au Domaine Fedyk : nous <a href=\"https:\/\/champagne-fedyk-chambres-hotes-hautvillers.com\/champagne-fedyk\/?page_id=45\">contacter<\/a>.<\/li>\r\n<\/ul>\r\n\r\n\r\n\r\n<p><a class=\"cuvees_go_to_shop_link\" href=\"https:\/\/champagne-fedyk-chambres-hotes-hautvillers.com\/champagne-fedyk\/e-boutique\/\">Acheter<\/a><\/p>\r\n<\/div>\r\n<\/div>\r\n\r\n\r\n\r\n<div class=\"wp-block-columns is-layout-flex wp-container-12\">\r\n<div class=\"wp-block-column is-layout-flow\">\r\n<h2 class=\"wp-block-heading\">CHAMPAGNE ROS<b>\u00c9<\/b> DE SAIGN<b>\u00c9<\/b>E<\/h2>\r\n\r\n\r\n\r\n<h6 class=\"wp-block-heading\">C\u00e9PAGES<\/h6>\r\n\r\n\r\n\r\n<p>100 % Pinot noir &#8211; Mill\u00e9sime 2018<\/p>\r\n\r\n\r\n\r\n<h6 class=\"wp-block-heading\">Visuel<\/h6>\r\n\r\n\r\n\r\n<p>Robe \u00e0 l\u2019aspect lumineux et fluide, d\u2019un rose cerise profond avec des reflets tirant au rubis. Bulles fines et vives qui alimentent un cordon persistant. La sensation visuelle annonce un vin riche et nuanc\u00e9.<\/p>\r\n\r\n\r\n\r\n<h6 class=\"wp-block-heading\">Ar\u00f4mes<\/h6>\r\n\r\n\r\n\r\n<p>Palais souple et frais, avec une effervescence cr\u00e9meuse et fondue. Ce Champagne d\u00e9veloppe une mati\u00e8re fruit\u00e9e pulpeuse et croquante, soutenue par une acidit\u00e9 de pomelo int\u00e9gr\u00e9e. Le milieu de bouche est orchestr\u00e9 par une min\u00e9ralit\u00e9 argilo-crayeuse qui conf\u00e8re de la franchise, du volume fruit\u00e9, de la salinit\u00e9 iod\u00e9e et de l\u2019allonge au palais. Le dosage accompagne une mati\u00e8re suave et de caract\u00e8re, dot\u00e9e d\u2019un charme fruit\u00e9 et de parfums enivrants. La finale se montre a\u00e9rienne, pulpeuse et min\u00e9rale, aboutie.<\/p>\r\n\r\n\r\n\r\n<ul>\r\n<li>Flacon (75 cl) 30,00 \u20ac<\/li>\r\n<li>Exp\u00e9di\u00e9 par colis de 6 flacons<\/li>\r\n<li>Exp\u00e9ditions hors France M\u00e9tropolitaine : nous <a href=\"https:\/\/champagne-fedyk-chambres-hotes-hautvillers.com\/champagne-fedyk\/?page_id=45\" data-type=\"page\" data-id=\"45\">contacter<\/a>.<\/li>\r\n<li>Commandes \u00e0 partir de 54 flacons: nous <a href=\"https:\/\/champagne-fedyk-chambres-hotes-hautvillers.com\/champagne-fedyk\/?page_id=45\" data-type=\"page\" data-id=\"45\">contacter<\/a>.<\/li>\r\n<li>Tarifs enl\u00e8vement au Domaine Fedyk : nous <a href=\"https:\/\/champagne-fedyk-chambres-hotes-hautvillers.com\/champagne-fedyk\/?page_id=45\" data-type=\"page\" data-id=\"45\">contacter<\/a>.<\/li>\r\n<\/ul>\r\n\r\n\r\n\r\n<p><a class=\"cuvees_go_to_shop_link\" href=\"https:\/\/champagne-fedyk-chambres-hotes-hautvillers.com\/champagne-fedyk\/e-boutique\/\">Acheter<\/a><\/p>\r\n<\/div>\r\n\r\n\r\n\r\n<div class=\"wp-block-column is-layout-flow\">\r\n<figure class=\"wp-block-image size-large\"><img decoding=\"async\" class=\"wp-image-162\" src=\"https:\/\/champagne-fedyk-chambres-hotes-hautvillers.com\/champagne-fedyk\/wp-content\/uploads\/2022\/10\/detail-blanc-2_web-modifie-1.jpg\" alt=\"cuvee-rose-de-saignee\" \/><\/figure>\r\n<\/div>\r\n<\/div>\r\n","protected":false},"excerpt":{"rendered":"<p>CHAMPAGNE BRUT RESERVE C\u00e9pages 25% Chardonnay, 35% Pinot Noir, 40% Meunier Visuel Son aspect visuel est cristallin, de fines bulles se d\u00e9gagent de fa\u00e7on harmonieuse cr\u00e9ant une belle persistance. Ar\u00f4mes Ses ar\u00f4mes sont francs et agr\u00e9ables, ar\u00f4mes de fleurs blanches, d&rsquo;aub\u00e9pines, de pain blanc croustillant et de foug\u00e8res. Flacon (75 cl) 21,00 \u20ac Exp\u00e9di\u00e9 par [&hellip;]<\/p>\n","protected":false},"author":2,"featured_media":0,"parent":0,"menu_order":0,"comment_status":"closed","ping_status":"closed","template":"","meta":[],"_links":{"self":[{"href":"https:\/\/www.champagne-fedyk-chambres-hotes-hautvillers.com\/champagne-fedyk\/wp-json\/wp\/v2\/pages\/35"}],"collection":[{"href":"https:\/\/www.champagne-fedyk-chambres-hotes-hautvillers.com\/champagne-fedyk\/wp-json\/wp\/v2\/pages"}],"about":[{"href":"https:\/\/www.champagne-fedyk-chambres-hotes-hautvillers.com\/champagne-fedyk\/wp-json\/wp\/v2\/types\/page"}],"author":[{"embeddable":true,"href":"https:\/\/www.champagne-fedyk-chambres-hotes-hautvillers.com\/champagne-fedyk\/wp-json\/wp\/v2\/users\/2"}],"replies":[{"embeddable":true,"href":"https:\/\/www.champagne-fedyk-chambres-hotes-hautvillers.com\/champagne-fedyk\/wp-json\/wp\/v2\/comments?post=35"}],"version-history":[{"count":25,"href":"https:\/\/www.champagne-fedyk-chambres-hotes-hautvillers.com\/champagne-fedyk\/wp-json\/wp\/v2\/pages\/35\/revisions"}],"predecessor-version":[{"id":1464,"href":"https:\/\/www.champagne-fedyk-chambres-hotes-hautvillers.com\/champagne-fedyk\/wp-json\/wp\/v2\/pages\/35\/revisions\/1464"}],"wp:attachment":[{"href":"https:\/\/www.champagne-fedyk-chambres-hotes-hautvillers.com\/champagne-fedyk\/wp-json\/wp\/v2\/media?parent=35"}],"curies":[{"name":"wp","href":"https:\/\/api.w.org\/{rel}","templated":true}]}}