{"id":77,"date":"2020-03-17T13:30:56","date_gmt":"2020-03-17T12:30:56","guid":{"rendered":"https:\/\/champagne-fedyk-chambres-hotes-hautvillers.com\/champagne-fedyk\/?page_id=77"},"modified":"2024-06-18T11:08:54","modified_gmt":"2024-06-18T09:08:54","slug":"mentions-legales","status":"publish","type":"page","link":"https:\/\/www.champagne-fedyk-chambres-hotes-hautvillers.com\/champagne-fedyk\/mentions-legales\/","title":{"rendered":"Mentions l\u00e9gales"},"content":{"rendered":"\r\n<h4 class=\"wp-block-heading\">CONDITIONS D\u2019UTILISATION :<\/h4>\r\n\r\n\r\n\r\n<p>Pour pouvoir consulter ce site, vous devez avoir l\u2019\u00e2ge l\u00e9gal fix\u00e9 par la loi de votre pays pour la consommation d&nbsp;\u00bbalcool \u2013 si ce n\u2019est pas le cas, veuillez quitter ce site. Si vous avez l\u2019\u00e2ge requis, L\u2019ABUS D\u2019ALCOOL EST DANGEREUX POUR LA SANT\u00c9. A CONSOMMER AVEC MOD\u00c9RATION.<\/p>\r\n\r\n\r\n\r\n<h4 class=\"wp-block-heading\">LA LOI INFORMATIQUE :<\/h4>\r\n\r\n\r\n\r\n<p>Les utilisateurs de ce site sont tenus de respecter les dispositions de la loi informatique, fichiers et libert\u00e9s, dont la violation est passible de sanctions p\u00e9nales. Ils doivent notamment s\u2019abstenir de toute collecte, de toute utilisation d\u00e9tourn\u00e9e et de mani\u00e8re g\u00e9n\u00e9rale, de tout acte susceptible de porter atteinte \u00e0 la personne concern\u00e9e.<\/p>\r\n\r\n\r\n\r\n<h4 class=\"wp-block-heading\">LA PROPRI\u00c9T\u00c9 INTELLECTUELLE ET INDUSTRIELLE :<\/h4>\r\n\r\n\r\n\r\n<p>Toute repr\u00e9sentation, reproduction, retranscription, adaptation, traduction, imitation, diffusion, partielle ou totale, est strictement interdite sans autorisation pr\u00e9alable expresse \u00e9crite de SCEV Champagne Fedyk et constituerait une contrefa\u00e7on sanctionn\u00e9e par les articles L. 335-2 et suivants du Code de la Propri\u00e9t\u00e9 Intellectuelle.<br>Les d\u00e9nominations, logos, \u00e9tiquettes, habillages, bouteilles ainsi que les slogans sont, sauf indications particuli\u00e8res, prot\u00e9g\u00e9s par des droits de propri\u00e9t\u00e9 industrielle et\/ou intellectuelle dont le SCEV Champagne Fedyk est titulaire.<\/p>\r\n\r\n\r\n\r\n<h4 class=\"wp-block-heading\">LA LOI SUR LA LIMITATION DE LA RESPONSABILIT\u00c9 :<\/h4>\r\n\r\n\r\n\r\n<p>Il appartient \u00e0 l\u2019utilisateur de ce site de prendre toutes les mesures appropri\u00e9es de fa\u00e7on \u00e0 prot\u00e9ger ses propres donn\u00e9es et\/ou logiciels de la contamination par d\u2019\u00e9ventuels virus circulant sur le r\u00e9seau Internet. De mani\u00e8re g\u00e9n\u00e9rale, SCEV Champagne Fedyk d\u00e9cline toute responsabilit\u00e9 \u00e0 un \u00e9ventuel dommage survenu pendant la consultation de son site. Les messages que vous pouvez nous adresser transitant par un r\u00e9seau ouvert de t\u00e9l\u00e9communications, nous ne pouvons assurer leur confidentialit\u00e9.<\/p>\r\n\r\n\r\n\r\n<h4 class=\"wp-block-heading\">LA LOI SUR LE DROIT APPLICABLE :<\/h4>\r\n\r\n\r\n\r\n<p>Tout visiteur de notre site est consid\u00e9r\u00e9 comme acceptant l\u2019application des lois fran\u00e7aises.<\/p>\r\n\r\n\r\n\r\n<h4 class=\"wp-block-heading\">Cookies :<\/h4>\r\n\r\n\r\n\r\n<p>Ce site utilise des cookies pour vous assurer la meilleure exp\u00e9rience possible.<\/p>\r\n","protected":false},"excerpt":{"rendered":"<p>CONDITIONS D\u2019UTILISATION : Pour pouvoir consulter ce site, vous devez avoir l\u2019\u00e2ge l\u00e9gal fix\u00e9 par la loi de votre pays pour la consommation d&nbsp;\u00bbalcool \u2013 si ce n\u2019est pas le cas, veuillez quitter ce site. Si vous avez l\u2019\u00e2ge requis, L\u2019ABUS D\u2019ALCOOL EST DANGEREUX POUR LA SANT\u00c9. A CONSOMMER AVEC MOD\u00c9RATION. LA LOI INFORMATIQUE : [&hellip;]<\/p>\n","protected":false},"author":2,"featured_media":0,"parent":0,"menu_order":0,"comment_status":"closed","ping_status":"closed","template":"","meta":[],"_links":{"self":[{"href":"https:\/\/www.champagne-fedyk-chambres-hotes-hautvillers.com\/champagne-fedyk\/wp-json\/wp\/v2\/pages\/77"}],"collection":[{"href":"https:\/\/www.champagne-fedyk-chambres-hotes-hautvillers.com\/champagne-fedyk\/wp-json\/wp\/v2\/pages"}],"about":[{"href":"https:\/\/www.champagne-fedyk-chambres-hotes-hautvillers.com\/champagne-fedyk\/wp-json\/wp\/v2\/types\/page"}],"author":[{"embeddable":true,"href":"https:\/\/www.champagne-fedyk-chambres-hotes-hautvillers.com\/champagne-fedyk\/wp-json\/wp\/v2\/users\/2"}],"replies":[{"embeddable":true,"href":"https:\/\/www.champagne-fedyk-chambres-hotes-hautvillers.com\/champagne-fedyk\/wp-json\/wp\/v2\/comments?post=77"}],"version-history":[{"count":6,"href":"https:\/\/www.champagne-fedyk-chambres-hotes-hautvillers.com\/champagne-fedyk\/wp-json\/wp\/v2\/pages\/77\/revisions"}],"predecessor-version":[{"id":1453,"href":"https:\/\/www.champagne-fedyk-chambres-hotes-hautvillers.com\/champagne-fedyk\/wp-json\/wp\/v2\/pages\/77\/revisions\/1453"}],"wp:attachment":[{"href":"https:\/\/www.champagne-fedyk-chambres-hotes-hautvillers.com\/champagne-fedyk\/wp-json\/wp\/v2\/media?parent=77"}],"curies":[{"name":"wp","href":"https:\/\/api.w.org\/{rel}","templated":true}]}}