{"id":9,"date":"2020-03-06T14:54:01","date_gmt":"2020-03-06T13:54:01","guid":{"rendered":"https:\/\/champagne-fedyk-chambres-hotes-hautvillers.com\/champagne-fedyk\/?page_id=9"},"modified":"2023-07-11T10:38:56","modified_gmt":"2023-07-11T08:38:56","slug":"accueil","status":"publish","type":"page","link":"https:\/\/www.champagne-fedyk-chambres-hotes-hautvillers.com\/champagne-fedyk\/","title":{"rendered":"Accueil"},"content":{"rendered":"\r\n<section class=\"jumbo jumbo_home\"><\/section>\r\n\r\n\r\n\r\n<div class=\"wp-block-columns is-layout-flex wp-container-3\">\r\n<div class=\"wp-block-column is-layout-flow\">\r\n<p>Situ\u00e9 pr\u00e9s d&rsquo;Epernay \u00e0 Hautvillers <em>, Berceau du champagne<\/em>, <em>village de Dom P\u00e9rignon<\/em> (1638-1715), notre domaine Pierre Fedyk vous accueille au c\u0153ur des coteaux historiques class\u00e9s au patrimoine mondial de<em> l&rsquo;UNESCO<\/em>.<\/p>\r\n\r\n\r\n\r\n<p>Ce village \u00e0 flanc de coteaux m\u00e9rite amplement le titre de <em>perle du champagne<\/em>, avec dans son dos la for\u00eat domaniale d&rsquo;Hautvillers et \u00e0 ses pieds, une mer de vignes descendant jusqu&rsquo;\u00e0 la Marne.<\/p>\r\n\r\n\r\n\r\n<p>Son \u00e9glise abbatiale abrite la tombe de Pierre Dom P\u00e9rignon, le grand cell\u00e9rier de l&rsquo;abbaye du village, qui fit na\u00eetre vers 1681, les premi\u00e8res bulles de Champagne!<em>A Hautvillers, vous \u00eates dans le berceau de la l\u00e9gende du champagne<\/em>!<\/p>\r\n<\/div>\r\n\r\n\r\n\r\n<div class=\"wp-block-column is-layout-flow\">\r\n<figure class=\"wp-block-image size-large\"><img decoding=\"async\" class=\"wp-image-403\" src=\"https:\/\/champagne-fedyk-chambres-hotes-hautvillers.com\/champagne-fedyk\/wp-content\/uploads\/2021\/04\/Abbaye300-V3-1024x869.jpg\" alt=\"\" \/><\/figure>\r\n<\/div>\r\n<\/div>\r\n\r\n\r\n\r\n<div class=\"wp-block-columns is-layout-flex wp-container-6\">\r\n<div class=\"wp-block-column is-layout-flow\">\r\n<figure class=\"wp-block-image size-large\"><a href=\"https:\/\/champagne-fedyk-chambres-hotes-hautvillers.com\/champagne-fedyk\/?page_id=35\"><img decoding=\"async\" class=\"wp-image-301\" src=\"https:\/\/champagne-fedyk-chambres-hotes-hautvillers.com\/champagne-fedyk\/wp-content\/uploads\/2021\/04\/Scene-bouteille-V2-1024x724.jpg\" alt=\"\" \/><\/a><\/figure>\r\n<\/div>\r\n\r\n\r\n\r\n<div class=\"wp-block-column is-layout-flow\">\r\n<h2 class=\"wp-block-heading\"><a href=\"https:\/\/champagne-fedyk-chambres-hotes-hautvillers.com\/champagne-fedyk\/?page_id=35\">NOS CHAMPAGNES<\/a><\/h2>\r\n\r\n\r\n\r\n<p>Les trois c\u00e9pages champenois composent notre Domaine Pierre Fedyk: Le Pinot Noir, le Pinot Meunier et le Chardonnay.<\/p>\r\n\r\n\r\n\r\n<p>Fid\u00e8le au travail de Pierre Dom P\u00e9rignon, nous tenons \u00e0 travailler l&rsquo;assemblage, essence m\u00eame de l&rsquo;origine du Champagne, garantissant dans la dur\u00e9e une m\u00eame qualit\u00e9 , une m\u00eame signature.<\/p>\r\n\r\n\r\n\r\n<p>Vous trouverez dans nos Vins de Champagne la puissance du Pinot Meunier, le fruit\u00e9 du Pinot Noir et la fra\u00eecheur de Chardonnay .<\/p>\r\n\r\n\r\n\r\n<p>Venez vivre l&rsquo;exp\u00e9rience de cette d\u00e9couverte face au vignoble Altavillois et au c\u0153ur m\u00eame de la champagne.<\/p>\r\n\r\n\r\n\r\n<p><a href=\"https:\/\/champagne-fedyk-chambres-hotes-hautvillers.com\/champagne-fedyk\/?page_id=35\">En savoir plus<\/a><\/p>\r\n<\/div>\r\n<\/div>\r\n\r\n\r\n\r\n<div class=\"wp-block-columns is-layout-flex wp-container-9\">\r\n<div class=\"wp-block-column is-layout-flow\">\r\n<h2 class=\"wp-block-heading\"><a href=\"https:\/\/champagne-fedyk-chambres-hotes-hautvillers.com\/champagne-fedyk\/?post_type=product\" data-type=\"page\">E-BOUTIQUE<\/a><\/h2>\r\n\r\n\r\n\r\n<p>Commandez en ligne sur notre boutique, le minimum d&rsquo;achat est de 6 flacons, vous pouvez panacher vos choix.<\/p>\r\n\r\n\r\n\r\n<p>Pour toute commande sup\u00e9rieure \u00e0 48 flacons, hors France m\u00e9tropolitaines, europ\u00e9ennes et internationales ainsi que pour les demandes particuli\u00e8res, vous pouvez nous joindre par t\u00e9l\u00e9phone: 06 18 15 63 65 \/ 03 26 51 52 24 ou par mail : contact.champagnefedyk@orange.fr<\/p>\r\n\r\n\r\n\r\n<p><a href=\"https:\/\/champagne-fedyk-chambres-hotes-hautvillers.com\/champagne-fedyk\/?post_type=product\">En savoir plus<\/a><\/p>\r\n<\/div>\r\n\r\n\r\n\r\n<div class=\"wp-block-column is-layout-flow\">\r\n<figure class=\"wp-block-image size-large\"><a href=\"https:\/\/champagne-fedyk-chambres-hotes-hautvillers.com\/champagne-fedyk\/?post_type=product\"><img decoding=\"async\" class=\"wp-image-314\" src=\"https:\/\/champagne-fedyk-chambres-hotes-hautvillers.com\/champagne-fedyk\/wp-content\/uploads\/2021\/04\/Scene-bouteille-rose-V3-1024x775.jpg\" alt=\"\" \/><\/a><\/figure>\r\n<\/div>\r\n<\/div>\r\n\r\n\r\n\r\n<div class=\"wp-block-columns is-layout-flex wp-container-12\">\r\n<div class=\"wp-block-column is-layout-flow\">\r\n<figure class=\"wp-block-image size-large\"><a href=\"https:\/\/champagne-fedyk-chambres-hotes-hautvillers.com\/champagne-fedyk\/?page_id=220\"><img decoding=\"async\" class=\"wp-image-315\" src=\"https:\/\/champagne-fedyk-chambres-hotes-hautvillers.com\/champagne-fedyk\/wp-content\/uploads\/2021\/04\/Paysage-vigne-V3-1024x808.jpg\" alt=\"\" \/><\/a><\/figure>\r\n<\/div>\r\n\r\n\r\n\r\n<div class=\"wp-block-column is-layout-flow\">\r\n<h2 class=\"wp-block-heading\"><a href=\"https:\/\/champagne-fedyk-chambres-hotes-hautvillers.com\/champagne-fedyk\/?page_id=220\">YES I WILL\u00a0!<\/a><\/h2>\r\n\r\n\r\n\r\n<p>Mariage, anniversaire, s\u00e9minaire, c\u00e9l\u00e9brations\u2026 Pour tous vos \u00e9v\u00e9nements, nos vins de Champagne Pierre Fedyk vous accompagnent.<\/p>\r\n\r\n\r\n\r\n<p>Pour un Jour exceptionnel, offrez un Vin exceptionnel !<\/p>\r\n\r\n\r\n\r\n<p><em>*Yes I will est une marque d\u00e9pos\u00e9e n\u00b0204 666 644<\/em><\/p>\r\n\r\n\r\n\r\n<p><a href=\"https:\/\/champagne-fedyk-chambres-hotes-hautvillers.com\/champagne-fedyk\/?page_id=220\">En savoir plus<\/a><\/p>\r\n<\/div>\r\n<\/div>\r\n\r\n\r\n\r\n<div class=\"wp-block-columns is-layout-flex wp-container-14\">\r\n<div class=\"wp-block-column is-layout-flow\">\r\n<h2 class=\"wp-block-heading\"><a href=\"https:\/\/champagne-fedyk-chambres-hotes-hautvillers.com\/champagne-fedyk\/?page_id=352\">S\u00c9JOUR OFFERT <\/a><\/h2>\r\n\r\n\r\n\r\n<p>Venez partagez un moment Champagne, amateurs de nos Cuv\u00e9es, s\u00e9journez sur notre domaine viticole Pierre Fedyk.<\/p>\r\n\r\n\r\n\r\n<p>Une nuit\u00a0 vous sera offerte d\u00e8s l&rsquo;achat de 60 flacons sur r\u00e9servation.<\/p>\r\n\r\n\r\n\r\n<p>Vous aurez acc\u00e8s \u00e0 tous nos services Chambres d&rsquo;h\u00f4tes. (Petit d\u00e9jeuner compris, acc\u00e8s piscine)<\/p>\r\n\r\n\r\n\r\n<p><a href=\"https:\/\/champagne-fedyk-chambres-hotes-hautvillers.com\/champagne-fedyk\/?page_id=352\">En savoir plus<\/a><\/p>\r\n<\/div>\r\n<div class=\"wp-block-column\">\r\n<p><a href=\"https:\/\/champagne-fedyk-chambres-hotes-hautvillers.com\/champagne-fedyk\/?page_id=352\"><img decoding=\"async\" loading=\"lazy\" class=\"alignnone wp-image-1401\" src=\"https:\/\/www.champagne-fedyk-chambres-hotes-hautvillers.com\/champagne-fedyk\/wp-content\/uploads\/2023\/07\/Scene-baignoire-V3-1-1536x1199-1-300x234.jpg\" alt=\"\" width=\"1024\" height=\"799\" srcset=\"https:\/\/www.champagne-fedyk-chambres-hotes-hautvillers.com\/champagne-fedyk\/wp-content\/uploads\/2023\/07\/Scene-baignoire-V3-1-1536x1199-1-300x234.jpg 300w, https:\/\/www.champagne-fedyk-chambres-hotes-hautvillers.com\/champagne-fedyk\/wp-content\/uploads\/2023\/07\/Scene-baignoire-V3-1-1536x1199-1-1024x799.jpg 1024w, https:\/\/www.champagne-fedyk-chambres-hotes-hautvillers.com\/champagne-fedyk\/wp-content\/uploads\/2023\/07\/Scene-baignoire-V3-1-1536x1199-1-768x600.jpg 768w, https:\/\/www.champagne-fedyk-chambres-hotes-hautvillers.com\/champagne-fedyk\/wp-content\/uploads\/2023\/07\/Scene-baignoire-V3-1-1536x1199-1-1200x937.jpg 1200w, https:\/\/www.champagne-fedyk-chambres-hotes-hautvillers.com\/champagne-fedyk\/wp-content\/uploads\/2023\/07\/Scene-baignoire-V3-1-1536x1199-1-450x351.jpg 450w, https:\/\/www.champagne-fedyk-chambres-hotes-hautvillers.com\/champagne-fedyk\/wp-content\/uploads\/2023\/07\/Scene-baignoire-V3-1-1536x1199-1-600x468.jpg 600w, https:\/\/www.champagne-fedyk-chambres-hotes-hautvillers.com\/champagne-fedyk\/wp-content\/uploads\/2023\/07\/Scene-baignoire-V3-1-1536x1199-1.jpg 1536w\" sizes=\"(max-width: 1024px) 100vw, 1024px\" \/><\/a><\/p>\r\n<\/div>\r\n<\/div>\r\n","protected":false},"excerpt":{"rendered":"<p>Situ\u00e9 pr\u00e9s d&rsquo;Epernay \u00e0 Hautvillers , Berceau du champagne, village de Dom P\u00e9rignon (1638-1715), notre domaine Pierre Fedyk vous accueille au c\u0153ur des coteaux historiques class\u00e9s au patrimoine mondial de l&rsquo;UNESCO. Ce village \u00e0 flanc de coteaux m\u00e9rite amplement le titre de perle du champagne, avec dans son dos la for\u00eat domaniale d&rsquo;Hautvillers et \u00e0 [&hellip;]<\/p>\n","protected":false},"author":2,"featured_media":0,"parent":0,"menu_order":0,"comment_status":"closed","ping_status":"closed","template":"","meta":[],"_links":{"self":[{"href":"https:\/\/www.champagne-fedyk-chambres-hotes-hautvillers.com\/champagne-fedyk\/wp-json\/wp\/v2\/pages\/9"}],"collection":[{"href":"https:\/\/www.champagne-fedyk-chambres-hotes-hautvillers.com\/champagne-fedyk\/wp-json\/wp\/v2\/pages"}],"about":[{"href":"https:\/\/www.champagne-fedyk-chambres-hotes-hautvillers.com\/champagne-fedyk\/wp-json\/wp\/v2\/types\/page"}],"author":[{"embeddable":true,"href":"https:\/\/www.champagne-fedyk-chambres-hotes-hautvillers.com\/champagne-fedyk\/wp-json\/wp\/v2\/users\/2"}],"replies":[{"embeddable":true,"href":"https:\/\/www.champagne-fedyk-chambres-hotes-hautvillers.com\/champagne-fedyk\/wp-json\/wp\/v2\/comments?post=9"}],"version-history":[{"count":4,"href":"https:\/\/www.champagne-fedyk-chambres-hotes-hautvillers.com\/champagne-fedyk\/wp-json\/wp\/v2\/pages\/9\/revisions"}],"predecessor-version":[{"id":1404,"href":"https:\/\/www.champagne-fedyk-chambres-hotes-hautvillers.com\/champagne-fedyk\/wp-json\/wp\/v2\/pages\/9\/revisions\/1404"}],"wp:attachment":[{"href":"https:\/\/www.champagne-fedyk-chambres-hotes-hautvillers.com\/champagne-fedyk\/wp-json\/wp\/v2\/media?parent=9"}],"curies":[{"name":"wp","href":"https:\/\/api.w.org\/{rel}","templated":true}]}}