{"id":60,"date":"2020-03-06T15:36:46","date_gmt":"2020-03-06T14:36:46","guid":{"rendered":"https:\/\/champagne-fedyk-chambres-hotes-hautvillers.com\/champagne-fedyk\/?post_type=product&#038;p=60"},"modified":"2025-04-28T15:12:41","modified_gmt":"2025-04-28T13:12:41","slug":"champagne-brut-reserve","status":"publish","type":"product","link":"https:\/\/www.champagne-fedyk-chambres-hotes-hautvillers.com\/champagne-fedyk\/produit\/champagne-brut-reserve\/","title":{"rendered":"Champagne Brut R\u00e9serve"},"content":{"rendered":"<p>25% Chardonnay, 35% Pinot Noir, 40% Pinot Meunier<\/p>\n<p>Son aspect visuel est cristallin, de fines bulles se d\u00e9gagent de fa\u00e7on harmonieuse cr\u00e9ant une belle persistance.<br \/>\nSes ar\u00f4mes sont francs et agr\u00e9ables, ar\u00f4mes de fleurs blanches, d&rsquo;aub\u00e9pines, de pain blanc croustillant et de foug\u00e8res.<\/p>\n<p>Flacon (75cl) par colis de 6 flacons 20,00 \u20ac.<\/p>\n","protected":false},"excerpt":{"rendered":"<p>25% Chardonnay, 35% Pinot Noir, 40% Pinot Meunier Son aspect visuel est cristallin, de fines bulles se d\u00e9gagent de fa\u00e7on harmonieuse cr\u00e9ant une belle persistance. Ses ar\u00f4mes sont francs et agr\u00e9ables, ar\u00f4mes de fleurs blanches, d&rsquo;aub\u00e9pines, de pain blanc croustillant et de foug\u00e8res. Flacon (75cl) par colis de 6 flacons 20,00 \u20ac.<\/p>\n","protected":false},"featured_media":1372,"template":"","meta":[],"product_cat":[17],"product_tag":[],"_links":{"self":[{"href":"https:\/\/www.champagne-fedyk-chambres-hotes-hautvillers.com\/champagne-fedyk\/wp-json\/wp\/v2\/product\/60"}],"collection":[{"href":"https:\/\/www.champagne-fedyk-chambres-hotes-hautvillers.com\/champagne-fedyk\/wp-json\/wp\/v2\/product"}],"about":[{"href":"https:\/\/www.champagne-fedyk-chambres-hotes-hautvillers.com\/champagne-fedyk\/wp-json\/wp\/v2\/types\/product"}],"wp:featuredmedia":[{"embeddable":true,"href":"https:\/\/www.champagne-fedyk-chambres-hotes-hautvillers.com\/champagne-fedyk\/wp-json\/wp\/v2\/media\/1372"}],"wp:attachment":[{"href":"https:\/\/www.champagne-fedyk-chambres-hotes-hautvillers.com\/champagne-fedyk\/wp-json\/wp\/v2\/media?parent=60"}],"wp:term":[{"taxonomy":"product_cat","embeddable":true,"href":"https:\/\/www.champagne-fedyk-chambres-hotes-hautvillers.com\/champagne-fedyk\/wp-json\/wp\/v2\/product_cat?post=60"},{"taxonomy":"product_tag","embeddable":true,"href":"https:\/\/www.champagne-fedyk-chambres-hotes-hautvillers.com\/champagne-fedyk\/wp-json\/wp\/v2\/product_tag?post=60"}],"curies":[{"name":"wp","href":"https:\/\/api.w.org\/{rel}","templated":true}]}}