{"id":61,"date":"2020-03-06T15:37:21","date_gmt":"2020-03-06T14:37:21","guid":{"rendered":"https:\/\/champagne-fedyk-chambres-hotes-hautvillers.com\/champagne-fedyk\/?post_type=product&#038;p=61"},"modified":"2025-11-03T11:52:49","modified_gmt":"2025-11-03T10:52:49","slug":"champagne-brut-rose","status":"publish","type":"product","link":"https:\/\/www.champagne-fedyk-chambres-hotes-hautvillers.com\/champagne-fedyk\/produit\/champagne-brut-rose\/","title":{"rendered":"Champagne Brut Ros\u00e9"},"content":{"rendered":"<p>Ce Champagne ros\u00e9 se pare d&rsquo;une charmante robe saumon\u00e9e avec de jolis reflets argent\u00e9s.<br \/>\nSa limpidit\u00e9 est remarquable, laissant s&rsquo;exprimer le d\u00e9fil\u00e9 incessant des bulles qui s&rsquo;\u00e9panouissent \u00e0 la surface.<\/p>\n<p>Ses parfums nous plongent au c\u0153ur d&rsquo;un jardin de senteurs de fruits rouges, tel que la fraise, la framboise&#8230;<\/p>\n<p>Flacon (75cl) par colis de 6 flacons 21,00 \u20ac.<\/p>\n","protected":false},"excerpt":{"rendered":"<p>Ce Champagne ros\u00e9 se pare d&rsquo;une charmante robe saumon\u00e9e avec de jolis reflets argent\u00e9s. Sa limpidit\u00e9 est remarquable, laissant s&rsquo;exprimer le d\u00e9fil\u00e9 incessant des bulles qui s&rsquo;\u00e9panouissent \u00e0 la surface. Ses parfums nous plongent au c\u0153ur d&rsquo;un jardin de senteurs de fruits rouges, tel que la fraise, la framboise&#8230; Flacon (75cl) par colis de 6 [&hellip;]<\/p>\n","protected":false},"featured_media":1371,"template":"","meta":[],"product_cat":[17],"product_tag":[],"_links":{"self":[{"href":"https:\/\/www.champagne-fedyk-chambres-hotes-hautvillers.com\/champagne-fedyk\/wp-json\/wp\/v2\/product\/61"}],"collection":[{"href":"https:\/\/www.champagne-fedyk-chambres-hotes-hautvillers.com\/champagne-fedyk\/wp-json\/wp\/v2\/product"}],"about":[{"href":"https:\/\/www.champagne-fedyk-chambres-hotes-hautvillers.com\/champagne-fedyk\/wp-json\/wp\/v2\/types\/product"}],"wp:featuredmedia":[{"embeddable":true,"href":"https:\/\/www.champagne-fedyk-chambres-hotes-hautvillers.com\/champagne-fedyk\/wp-json\/wp\/v2\/media\/1371"}],"wp:attachment":[{"href":"https:\/\/www.champagne-fedyk-chambres-hotes-hautvillers.com\/champagne-fedyk\/wp-json\/wp\/v2\/media?parent=61"}],"wp:term":[{"taxonomy":"product_cat","embeddable":true,"href":"https:\/\/www.champagne-fedyk-chambres-hotes-hautvillers.com\/champagne-fedyk\/wp-json\/wp\/v2\/product_cat?post=61"},{"taxonomy":"product_tag","embeddable":true,"href":"https:\/\/www.champagne-fedyk-chambres-hotes-hautvillers.com\/champagne-fedyk\/wp-json\/wp\/v2\/product_tag?post=61"}],"curies":[{"name":"wp","href":"https:\/\/api.w.org\/{rel}","templated":true}]}}