{"id":19,"date":"2020-03-06T15:17:08","date_gmt":"2020-03-06T14:17:08","guid":{"rendered":"https:\/\/champagne-fedyk-chambres-hotes-hautvillers.com\/la-chevalee\/?page_id=19"},"modified":"2022-10-31T16:31:20","modified_gmt":"2022-10-31T15:31:20","slug":"contact","status":"publish","type":"page","link":"https:\/\/www.champagne-fedyk-chambres-hotes-hautvillers.com\/la-chevalee\/contact\/","title":{"rendered":"Contact"},"content":{"rendered":"<div class=\"contact_data_container\">\n<section id=\"section0\" class=\"contact_section\"><img decoding=\"async\" src=\"https:\/\/champagne-fedyk-chambres-hotes-hautvillers.com\/la-chevalee\/wp-content\/uploads\/2020\/11\/LOGO-LA-CHEVAL\u00c9E-01-e1604662663506.png\">&nbsp;<\/p>\n<div class=\"page_localization\">\n<div>53 rue Henri Martin<\/div>\n<div>51160 HAUTVILLERS<\/div>\n<\/div>\n<div class=\"page_contact_link\">\n<p>T\u00e9l\u00e9phone<\/p>\n<div>33 (0)3 26 51 52 24<\/div>\n<div>33 (0)6 18 15 63 65<\/div>\n<\/div>\n<div class=\"page_contact_link\">\n<p>Mail<\/p>\n<div>contact.lachevalee@orange.fr<\/div>\n<\/div>\n<div class=\"page_contact_link\">\n<p>Suivez-nous<\/p>\n<ul>\n<li><a href=\"https:\/\/www.facebook.com\/Chambres-dH%C3%B4tes-La-Cheval%C3%A9eChampagne-Pierre-Fedyk-265525473469571\/\"><br \/>\n<i class=\"fab fa-facebook-square\"><\/i><br \/>\n<\/a><\/li>\n<li><a href=\"https:\/\/www.instagram.com\/champagne_fedyk_la_chevalee\/\"><br \/>\n<i class=\"fab fa-instagram\"><\/i><br \/>\n<\/a><\/li>\n<\/ul>\n<\/div>\n<\/section>\n<section id=\"section1\" class=\"contact_section\"><iframe loading=\"lazy\" id=\"iframe\" style=\"border: 0;\" tabindex=\"0\" ;=\"\" src=\"https:\/\/www.google.com\/maps\/embed?pb=!1m18!1m12!1m3!1d2613.1931662142647!2d3.942238715682341!3d49.08296947931021!2m3!1f0!2f0!3f0!3m2!1i1024!2i768!4f13.1!3m3!1m2!1s0x47e9133054be0ebb%3A0xbe78b2ff372e5540!2s53%20Rue%20Henri%20Martin%2C%2051160%20Hautvillers!5e0!3m2!1sfr!2sfr!4v1584540703882!5m2!1sfr!2sfr\" allowfullscreen=\"allowfullscreen\" aria-hidden=\"false\" width=\"350px\" height=\"350px\" frameborder=\"0\"><\/iframe><\/section>\n<\/div>\n<section id=\"section2\" class=\"contact_section\">\n<div class=\"wpcf7 no-js\" id=\"wpcf7-f50-o1\" lang=\"fr-FR\" dir=\"ltr\">\n<div class=\"screen-reader-response\"><p role=\"status\" aria-live=\"polite\" aria-atomic=\"true\"><\/p> <ul><\/ul><\/div>\n<form action=\"\/la-chevalee\/wp-json\/wp\/v2\/pages\/19#wpcf7-f50-o1\" method=\"post\" class=\"wpcf7-form init\" aria-label=\"Formulaire de contact\" novalidate=\"novalidate\" data-status=\"init\">\n<div style=\"display: none;\">\n<input type=\"hidden\" name=\"_wpcf7\" value=\"50\" \/>\n<input type=\"hidden\" name=\"_wpcf7_version\" value=\"5.7.7\" \/>\n<input type=\"hidden\" name=\"_wpcf7_locale\" value=\"fr_FR\" \/>\n<input type=\"hidden\" name=\"_wpcf7_unit_tag\" value=\"wpcf7-f50-o1\" \/>\n<input type=\"hidden\" name=\"_wpcf7_container_post\" value=\"0\" \/>\n<input type=\"hidden\" name=\"_wpcf7_posted_data_hash\" value=\"\" \/>\n<input type=\"hidden\" name=\"_wpcf7_recaptcha_response\" value=\"\" \/>\n<\/div>\n<p><label> Votre nom (obligatoire)<br \/>\n<span class=\"wpcf7-form-control-wrap\" data-name=\"your-name\"><input size=\"40\" class=\"wpcf7-form-control wpcf7-text wpcf7-validates-as-required\" aria-required=\"true\" aria-invalid=\"false\" value=\"\" type=\"text\" name=\"your-name\" \/><\/span> <\/label>\n<\/p>\n<p><label> Votre adresse de messagerie (obligatoire)<br \/>\n<span class=\"wpcf7-form-control-wrap\" data-name=\"your-email\"><input size=\"40\" class=\"wpcf7-form-control wpcf7-text wpcf7-email wpcf7-validates-as-required wpcf7-validates-as-email\" aria-required=\"true\" aria-invalid=\"false\" value=\"\" type=\"email\" name=\"your-email\" \/><\/span> <\/label>\n<\/p>\n<p><label> Votre num\u00e9ro de t\u00e9l\u00e9phone (obligatoire)<br \/>\n<span class=\"wpcf7-form-control-wrap\" data-name=\"tel-785\"><input size=\"40\" class=\"wpcf7-form-control wpcf7-text wpcf7-tel wpcf7-validates-as-required wpcf7-validates-as-tel\" aria-required=\"true\" aria-invalid=\"false\" value=\"\" type=\"tel\" name=\"tel-785\" \/><\/span> <\/label>\n<\/p>\n<p><label> Votre message (obligatoire)<br \/>\n<span class=\"wpcf7-form-control-wrap\" data-name=\"your-message\"><textarea cols=\"40\" rows=\"10\" class=\"wpcf7-form-control wpcf7-textarea wpcf7-validates-as-required\" aria-required=\"true\" aria-invalid=\"false\" name=\"your-message\"><\/textarea><\/span> <\/label>\n<\/p>\n<p> Je suis client Champagne Fedyk (obligatoire)\n<\/p>\n<p><span class=\"wpcf7-form-control-wrap\" data-name=\"radio-915\"><span class=\"wpcf7-form-control wpcf7-radio\"><span class=\"wpcf7-list-item first\"><input type=\"radio\" name=\"radio-915\" value=\"Oui\" \/><span class=\"wpcf7-list-item-label\">Oui<\/span><\/span><span class=\"wpcf7-list-item last\"><input type=\"radio\" name=\"radio-915\" value=\"Pas encore\" \/><span class=\"wpcf7-list-item-label\">Pas encore<\/span><\/span><\/span><\/span>\n<\/p>\n<p><span class=\"wpcf7-form-control-wrap\" data-name=\"checkbox-348\"><span class=\"wpcf7-form-control wpcf7-checkbox wpcf7-validates-as-required\"><span class=\"wpcf7-list-item first last\"><input type=\"checkbox\" name=\"checkbox-348[]\" value=\"En envoyant ce formulaire, j&#039;accepte que les donn\u00e9es transmises soient utilis\u00e9es pour traiter ma demande.\" \/><span class=\"wpcf7-list-item-label\">En envoyant ce formulaire, j&#039;accepte que les donn\u00e9es transmises soient utilis\u00e9es pour traiter ma demande.<\/span><\/span><\/span><\/span>\n<\/p>\n<p><input class=\"wpcf7-form-control has-spinner wpcf7-submit\" type=\"submit\" value=\"Envoyer\" \/>\n<\/p>\n<div class=\"wpcf7-response-output\" aria-hidden=\"true\"><\/div>\n<\/form>\n<\/div>\n<\/section>\n","protected":false},"excerpt":{"rendered":"<p>&nbsp; 53 rue Henri Martin 51160 HAUTVILLERS T\u00e9l\u00e9phone 33 (0)3 26 51 52 24 33 (0)6 18 15 63 65 Mail contact.lachevalee@orange.fr Suivez-nous<\/p>\n","protected":false},"author":1,"featured_media":0,"parent":0,"menu_order":0,"comment_status":"closed","ping_status":"closed","template":"","meta":[],"_links":{"self":[{"href":"https:\/\/www.champagne-fedyk-chambres-hotes-hautvillers.com\/la-chevalee\/wp-json\/wp\/v2\/pages\/19"}],"collection":[{"href":"https:\/\/www.champagne-fedyk-chambres-hotes-hautvillers.com\/la-chevalee\/wp-json\/wp\/v2\/pages"}],"about":[{"href":"https:\/\/www.champagne-fedyk-chambres-hotes-hautvillers.com\/la-chevalee\/wp-json\/wp\/v2\/types\/page"}],"author":[{"embeddable":true,"href":"https:\/\/www.champagne-fedyk-chambres-hotes-hautvillers.com\/la-chevalee\/wp-json\/wp\/v2\/users\/1"}],"replies":[{"embeddable":true,"href":"https:\/\/www.champagne-fedyk-chambres-hotes-hautvillers.com\/la-chevalee\/wp-json\/wp\/v2\/comments?post=19"}],"version-history":[{"count":35,"href":"https:\/\/www.champagne-fedyk-chambres-hotes-hautvillers.com\/la-chevalee\/wp-json\/wp\/v2\/pages\/19\/revisions"}],"predecessor-version":[{"id":677,"href":"https:\/\/www.champagne-fedyk-chambres-hotes-hautvillers.com\/la-chevalee\/wp-json\/wp\/v2\/pages\/19\/revisions\/677"}],"wp:attachment":[{"href":"https:\/\/www.champagne-fedyk-chambres-hotes-hautvillers.com\/la-chevalee\/wp-json\/wp\/v2\/media?parent=19"}],"curies":[{"name":"wp","href":"https:\/\/api.w.org\/{rel}","templated":true}]}}