{"id":370,"date":"2020-11-06T12:08:12","date_gmt":"2020-11-06T11:08:12","guid":{"rendered":"https:\/\/champagne-fedyk-chambres-hotes-hautvillers.com\/la-chevalee\/?page_id=370"},"modified":"2025-09-24T09:55:06","modified_gmt":"2025-09-24T07:55:06","slug":"carte-cadeau","status":"publish","type":"page","link":"https:\/\/www.champagne-fedyk-chambres-hotes-hautvillers.com\/la-chevalee\/carte-cadeau\/","title":{"rendered":"Carte cadeau"},"content":{"rendered":"\n<p class=\"has-text-align-center\" id=\"section0\">VOUS CHERCHEZ UNE ID\u00c9E ORIGINALE DE CADEAU?<\/p>\n\n\n\n<p class=\"has-text-align-center\">Offrez un s\u00e9jour d\u2019exception \u00e0 La Cheval\u00e9e<\/p>\n\n\n\n<div class=\"wp-block-columns is-layout-flex wp-container-3\">\n<div class=\"wp-block-column is-layout-flow\">\n<figure class=\"wp-block-image size-large\"><img decoding=\"async\" loading=\"lazy\" width=\"1024\" height=\"502\" src=\"https:\/\/champagne-fedyk-chambres-hotes-hautvillers.com\/la-chevalee\/wp-content\/uploads\/2020\/11\/Recto_Carte-cadeau-1024x502.jpg\" alt=\"\" class=\"wp-image-338\" srcset=\"https:\/\/www.champagne-fedyk-chambres-hotes-hautvillers.com\/la-chevalee\/wp-content\/uploads\/2020\/11\/Recto_Carte-cadeau-1024x502.jpg 1024w, https:\/\/www.champagne-fedyk-chambres-hotes-hautvillers.com\/la-chevalee\/wp-content\/uploads\/2020\/11\/Recto_Carte-cadeau-300x147.jpg 300w, https:\/\/www.champagne-fedyk-chambres-hotes-hautvillers.com\/la-chevalee\/wp-content\/uploads\/2020\/11\/Recto_Carte-cadeau-768x377.jpg 768w, https:\/\/www.champagne-fedyk-chambres-hotes-hautvillers.com\/la-chevalee\/wp-content\/uploads\/2020\/11\/Recto_Carte-cadeau-1536x753.jpg 1536w, https:\/\/www.champagne-fedyk-chambres-hotes-hautvillers.com\/la-chevalee\/wp-content\/uploads\/2020\/11\/Recto_Carte-cadeau-2048x1004.jpg 2048w, https:\/\/www.champagne-fedyk-chambres-hotes-hautvillers.com\/la-chevalee\/wp-content\/uploads\/2020\/11\/Recto_Carte-cadeau-1200x588.jpg 1200w, https:\/\/www.champagne-fedyk-chambres-hotes-hautvillers.com\/la-chevalee\/wp-content\/uploads\/2020\/11\/Recto_Carte-cadeau-1980x971.jpg 1980w\" sizes=\"(max-width: 1024px) 100vw, 1024px\" \/><\/figure>\n<\/div>\n\n\n\n<div class=\"wp-block-column is-layout-flow\">\n<h5 class=\"wp-block-heading\">FONCTIONNEMENT<\/h5>\n\n\n\n<p>A partir de 220 \u20ac pour 2 personnes, vous choisissez le contenu de votre carte cadeau: une ou plusieurs nuit\u00e9es dans la chambre de votre choix.<\/p>\n\n\n\n<p>Pensez \u00e9galement aux attentions personnalis\u00e9es qui peuvent \u00eatre ajout\u00e9es \u00e0 la chambre et qui feront de ce moment une exp\u00e9rience inoubliable en champagne; fleurs , champagne, coffret chocolats ou macarons en chambre. ( en suppl\u00e9ment du montant du s\u00e9jour).<br><\/p>\n<\/div>\n<\/div>\n\n\n\n<div class=\"wp-block-columns is-layout-flex wp-container-6\">\n<div class=\"wp-block-column is-layout-flow\">\n<h5 class=\"wp-block-heading has-text-align-right\">CONTACTEZ-NOUS<\/h5>\n\n\n\n<p class=\"has-text-align-right\"><a href=\"https:\/\/champagne-fedyk-chambres-hotes-hautvillers.com\/la-chevalee\/?page_id=19\">Contactez-nous<\/a>&nbsp;et en retour nous vous adresserons :votre carte cadeau nominative avec le r\u00e9capitulatif de vos choix.<\/p>\n\n\n\n<p class=\"has-text-align-right\">La facture acquitt\u00e9e, vos invit\u00e9s n\u2019ont plus qu\u2019\u00e0 nous contacter pour fixer la date de leur s\u00e9jour. Cette carte est valable 1 an d\u00e9s l\u2019achat.<\/p>\n<\/div>\n\n\n\n<div class=\"wp-block-column is-layout-flow\">\n<figure class=\"wp-block-image size-large\"><img decoding=\"async\" loading=\"lazy\" width=\"1024\" height=\"502\" src=\"https:\/\/champagne-fedyk-chambres-hotes-hautvillers.com\/la-chevalee\/wp-content\/uploads\/2020\/11\/Verso_Carte-cadeau-1024x502.jpg\" alt=\"\" class=\"wp-image-330\" srcset=\"https:\/\/www.champagne-fedyk-chambres-hotes-hautvillers.com\/la-chevalee\/wp-content\/uploads\/2020\/11\/Verso_Carte-cadeau-1024x502.jpg 1024w, https:\/\/www.champagne-fedyk-chambres-hotes-hautvillers.com\/la-chevalee\/wp-content\/uploads\/2020\/11\/Verso_Carte-cadeau-300x147.jpg 300w, https:\/\/www.champagne-fedyk-chambres-hotes-hautvillers.com\/la-chevalee\/wp-content\/uploads\/2020\/11\/Verso_Carte-cadeau-768x377.jpg 768w, https:\/\/www.champagne-fedyk-chambres-hotes-hautvillers.com\/la-chevalee\/wp-content\/uploads\/2020\/11\/Verso_Carte-cadeau-1536x753.jpg 1536w, https:\/\/www.champagne-fedyk-chambres-hotes-hautvillers.com\/la-chevalee\/wp-content\/uploads\/2020\/11\/Verso_Carte-cadeau-2048x1004.jpg 2048w, https:\/\/www.champagne-fedyk-chambres-hotes-hautvillers.com\/la-chevalee\/wp-content\/uploads\/2020\/11\/Verso_Carte-cadeau-1200x588.jpg 1200w, https:\/\/www.champagne-fedyk-chambres-hotes-hautvillers.com\/la-chevalee\/wp-content\/uploads\/2020\/11\/Verso_Carte-cadeau-1980x971.jpg 1980w\" sizes=\"(max-width: 1024px) 100vw, 1024px\" \/><\/figure>\n<\/div>\n<\/div>\n","protected":false},"excerpt":{"rendered":"<p>VOUS CHERCHEZ UNE ID\u00c9E ORIGINALE DE CADEAU? Offrez un s\u00e9jour d\u2019exception \u00e0 La Cheval\u00e9e FONCTIONNEMENT A partir de 220 \u20ac pour 2 personnes, vous choisissez le contenu de votre carte cadeau: une ou plusieurs nuit\u00e9es dans la chambre de votre choix. Pensez \u00e9galement aux attentions personnalis\u00e9es qui peuvent \u00eatre ajout\u00e9es \u00e0 la chambre et qui [&hellip;]<\/p>\n","protected":false},"author":1,"featured_media":0,"parent":0,"menu_order":0,"comment_status":"closed","ping_status":"closed","template":"","meta":[],"_links":{"self":[{"href":"https:\/\/www.champagne-fedyk-chambres-hotes-hautvillers.com\/la-chevalee\/wp-json\/wp\/v2\/pages\/370"}],"collection":[{"href":"https:\/\/www.champagne-fedyk-chambres-hotes-hautvillers.com\/la-chevalee\/wp-json\/wp\/v2\/pages"}],"about":[{"href":"https:\/\/www.champagne-fedyk-chambres-hotes-hautvillers.com\/la-chevalee\/wp-json\/wp\/v2\/types\/page"}],"author":[{"embeddable":true,"href":"https:\/\/www.champagne-fedyk-chambres-hotes-hautvillers.com\/la-chevalee\/wp-json\/wp\/v2\/users\/1"}],"replies":[{"embeddable":true,"href":"https:\/\/www.champagne-fedyk-chambres-hotes-hautvillers.com\/la-chevalee\/wp-json\/wp\/v2\/comments?post=370"}],"version-history":[{"count":17,"href":"https:\/\/www.champagne-fedyk-chambres-hotes-hautvillers.com\/la-chevalee\/wp-json\/wp\/v2\/pages\/370\/revisions"}],"predecessor-version":[{"id":845,"href":"https:\/\/www.champagne-fedyk-chambres-hotes-hautvillers.com\/la-chevalee\/wp-json\/wp\/v2\/pages\/370\/revisions\/845"}],"wp:attachment":[{"href":"https:\/\/www.champagne-fedyk-chambres-hotes-hautvillers.com\/la-chevalee\/wp-json\/wp\/v2\/media?parent=370"}],"curies":[{"name":"wp","href":"https:\/\/api.w.org\/{rel}","templated":true}]}}