{"id":464,"date":"2021-02-16T14:52:11","date_gmt":"2021-02-16T13:52:11","guid":{"rendered":"https:\/\/champagne-fedyk-chambres-hotes-hautvillers.com\/la-chevalee\/?page_id=464"},"modified":"2025-06-10T14:17:18","modified_gmt":"2025-06-10T12:17:18","slug":"rocinante-2","status":"publish","type":"page","link":"https:\/\/www.champagne-fedyk-chambres-hotes-hautvillers.com\/la-chevalee\/rocinante-2\/","title":{"rendered":"Rocinante"},"content":{"rendered":"<div id=\"metaslider-id-257\" style=\"width: 100%;\" class=\"ml-slider-3-31-0 metaslider metaslider-flex metaslider-257 ml-slider ms-theme-default\">\n    <div id=\"metaslider_container_257\">\n        <div id=\"metaslider_257\">\n            <ul aria-live=\"polite\" class=\"slides\">\n                <li style=\"display: block; width: 100%;\" class=\"slide-261 ms-image\"><img src=\"https:\/\/www.champagne-fedyk-chambres-hotes-hautvillers.com\/la-chevalee\/wp-content\/uploads\/2022\/02\/00012_davidgrimbert-1500x900.jpg\" height=\"900\" width=\"1500\" alt=\"\" class=\"slider-257 slide-261\" title=\"00012_davidgrimbert\" \/><\/li>\n                <li style=\"display: none; width: 100%;\" class=\"slide-259 ms-image\"><img src=\"https:\/\/www.champagne-fedyk-chambres-hotes-hautvillers.com\/la-chevalee\/wp-content\/uploads\/2022\/02\/00013_davidgrimbert-1500x900.jpg\" height=\"900\" width=\"1500\" alt=\"\" class=\"slider-257 slide-259\" title=\"00013_davidgrimbert\" \/><\/li>\n                <li style=\"display: none; width: 100%;\" class=\"slide-263 ms-image\"><img src=\"https:\/\/www.champagne-fedyk-chambres-hotes-hautvillers.com\/la-chevalee\/wp-content\/uploads\/2022\/02\/00018_davidgrimbert-1500x900.jpg\" height=\"900\" width=\"1500\" alt=\"\" class=\"slider-257 slide-263\" title=\"00018_davidgrimbert\" \/><\/li>\n                <li style=\"display: none; width: 100%;\" class=\"slide-265 ms-image\"><img src=\"https:\/\/www.champagne-fedyk-chambres-hotes-hautvillers.com\/la-chevalee\/wp-content\/uploads\/2022\/02\/00014_davidgrimbert-1500x900.jpg\" height=\"900\" width=\"1500\" alt=\"\" class=\"slider-257 slide-265\" title=\"00014_davidgrimbert\" \/><\/li>\n            <\/ul>\n        <\/div>\n        \n    <\/div>\n<\/div>\n\n\n\n\n<section id=\"section0\" class=\"chbs_section chbs_section_single\">\n<div class=\"chb_content\">\n<div class=\"equipements\">\n<div class=\"div_content\">\n<p><span style=\"font-size: revert;\">La Cheval\u00e9e, Chambres d&rsquo;h\u00f4tes , situ\u00e9e entre vignes et for\u00eat \u00e0 proximit\u00e9 d&rsquo;Epernay, vous accueille \u00e0 Hautvillers, Berceau du Champagne.<\/span><\/p>\n<p><span style=\"font-size: revert;\">Nos suites vous offrent qualit\u00e9, confort et d\u00e9coration soign\u00e9e, vue sur le vignoble, jardin et piscine.<\/span><\/p>\n<ul class=\"pictos_list\">\n<li>\n<div class=\"picto_container\"><img decoding=\"async\" src=\"https:\/\/champagne-fedyk-chambres-hotes-hautvillers.com\/la-chevalee\/wp-content\/uploads\/2021\/02\/005-television-01.png\" alt=\"\" \/><\/div>\n<div class=\"text\">T\u00e9l\u00e9vision \u00e9cran plat<\/div>\n<\/li>\n<li>\n<div class=\"picto_container\"><img decoding=\"async\" src=\"https:\/\/champagne-fedyk-chambres-hotes-hautvillers.com\/la-chevalee\/wp-content\/uploads\/2021\/02\/003-bed-1-01.png\" alt=\"\" \/><\/div>\n<div class=\"text\">Queen size<\/div>\n<\/li>\n<li>\n<div class=\"picto_container\"><img decoding=\"async\" src=\"https:\/\/champagne-fedyk-chambres-hotes-hautvillers.com\/la-chevalee\/wp-content\/uploads\/2021\/02\/009-coffee-cup-01.png\" alt=\"\" \/><\/div>\n<div class=\"text\">Th\u00e9 \/ caf\u00e9<\/div>\n<\/li>\n<li>\n<div class=\"picto_container\"><img decoding=\"async\" src=\"https:\/\/champagne-fedyk-chambres-hotes-hautvillers.com\/la-chevalee\/wp-content\/uploads\/2021\/02\/014-shower-2-01.png\" alt=\"\" \/><\/div>\n<div class=\"text\">Douche et baignoire &#8211; peignoir<\/div>\n<\/li>\n<li>\n<div class=\"picto_container\"><img decoding=\"async\" src=\"https:\/\/champagne-fedyk-chambres-hotes-hautvillers.com\/la-chevalee\/wp-content\/uploads\/2021\/02\/002-cosmetics-01.png\" alt=\"\" \/><\/div>\n<div class=\"text\">Produits d&rsquo;accueil<\/div>\n<\/li>\n<li>\n<div class=\"picto_container\"><img decoding=\"async\" src=\"https:\/\/champagne-fedyk-chambres-hotes-hautvillers.com\/la-chevalee\/wp-content\/uploads\/2021\/02\/016-wifi-01.png\" alt=\"\" \/><\/div>\n<div class=\"text\">Wi-fi gratuit<\/div>\n<\/li>\n<li>\n<div class=\"picto_container\"><img decoding=\"async\" src=\"https:\/\/champagne-fedyk-chambres-hotes-hautvillers.com\/la-chevalee\/wp-content\/uploads\/2021\/02\/018-terrace-01.png\" alt=\"\" \/><\/div>\n<div class=\"text\">Jardin terrasse<\/div>\n<\/li>\n<li>\n<div class=\"picto_container\"><img decoding=\"async\" src=\"https:\/\/champagne-fedyk-chambres-hotes-hautvillers.com\/la-chevalee\/wp-content\/uploads\/2021\/02\/021-swimming-pool-01.png\" alt=\"\" \/><\/div>\n<div class=\"text\">Piscine ext\u00e9rieure chauff\u00e9e<\/div>\n<\/li>\n<li>\n<div class=\"picto_container\"><img decoding=\"async\" src=\"https:\/\/champagne-fedyk-chambres-hotes-hautvillers.com\/la-chevalee\/wp-content\/uploads\/2021\/02\/023-coffee-1.png\" alt=\"\" \/><\/div>\n<div class=\"text\">Petit d\u00e9jeuner offert<\/div>\n<\/li>\n<li>\n<div class=\"picto_container\"><img decoding=\"async\" src=\"https:\/\/champagne-fedyk-chambres-hotes-hautvillers.com\/la-chevalee\/wp-content\/uploads\/2021\/02\/031-parking-3-01.png\" alt=\"\" \/><\/div>\n<div class=\"text\">Parking priv\u00e9 de nuit<\/div>\n<\/li>\n<li>\n<div class=\"picto_container\"><img decoding=\"async\" src=\"https:\/\/champagne-fedyk-chambres-hotes-hautvillers.com\/la-chevalee\/wp-content\/uploads\/2021\/02\/032-panorama-01.png\" alt=\"\" \/><\/div>\n<div class=\"text\">Jardin &#8211; piscine &#8211; vignoble<\/div>\n<\/li>\n<\/ul>\n<\/div>\n<\/div>\n<div class=\"tarifs\">\n<h3>Tarifs<\/h3>\n<div class=\"div_content\">\u00a0<\/div>\n<\/div>\n<div class=\"informations\">\n<div class=\"div_content\">\n<p>Tarif pour 1 nuit\/2 personnes\/petit d\u00e9jeuner : 220 \u20ac<\/p>\n<p>Tarif pour 1 nuit\/1 personne\/petit d\u00e9jeuner :135 \u20ac<\/p>\n<p>R\u00e8glement par virement<\/p>\n<div class=\"tarifs\">\n<div class=\"div_content\">\n<p>Paiement 50% \u00e0 la r\u00e9servation<\/p>\n<p>remboursable si annulation 15 jours avant la date d\u2019arriv\u00e9e.<\/p>\n<p>\u00a0<\/p>\n<\/div>\n<\/div>\n<div class=\"informations\">\n<div class=\"div_content\">\n<p>Arriv\u00e9e de 17h00 \u00e0 19h00 \/ D\u00e9part 10h30<\/p>\n<p>Parking li\u00e9 avec la location de la chambre<\/p>\n<p>Parking de nuit de 17h00 \u00e0 10h30 : offert<\/p>\n<p>Parking de jour de 10h30 \u00e0 17h00 : 40 \u20ac<\/p>\n<\/div>\n<\/div>\n<p>\u00a0<\/p>\n<\/div>\n<\/div>\n<\/div>\n<\/section>","protected":false},"excerpt":{"rendered":"<p>La Cheval\u00e9e, Chambres d&rsquo;h\u00f4tes , situ\u00e9e entre vignes et for\u00eat \u00e0 proximit\u00e9 d&rsquo;Epernay, vous accueille \u00e0 Hautvillers, Berceau du Champagne. Nos suites vous offrent qualit\u00e9, confort et d\u00e9coration soign\u00e9e, vue sur le vignoble, jardin et piscine. T\u00e9l\u00e9vision \u00e9cran plat Queen size Th\u00e9 \/ caf\u00e9 Douche et baignoire &#8211; peignoir Produits d&rsquo;accueil Wi-fi gratuit Jardin terrasse [&hellip;]<\/p>\n","protected":false},"author":1,"featured_media":0,"parent":0,"menu_order":0,"comment_status":"closed","ping_status":"closed","template":"","meta":[],"_links":{"self":[{"href":"https:\/\/www.champagne-fedyk-chambres-hotes-hautvillers.com\/la-chevalee\/wp-json\/wp\/v2\/pages\/464"}],"collection":[{"href":"https:\/\/www.champagne-fedyk-chambres-hotes-hautvillers.com\/la-chevalee\/wp-json\/wp\/v2\/pages"}],"about":[{"href":"https:\/\/www.champagne-fedyk-chambres-hotes-hautvillers.com\/la-chevalee\/wp-json\/wp\/v2\/types\/page"}],"author":[{"embeddable":true,"href":"https:\/\/www.champagne-fedyk-chambres-hotes-hautvillers.com\/la-chevalee\/wp-json\/wp\/v2\/users\/1"}],"replies":[{"embeddable":true,"href":"https:\/\/www.champagne-fedyk-chambres-hotes-hautvillers.com\/la-chevalee\/wp-json\/wp\/v2\/comments?post=464"}],"version-history":[{"count":16,"href":"https:\/\/www.champagne-fedyk-chambres-hotes-hautvillers.com\/la-chevalee\/wp-json\/wp\/v2\/pages\/464\/revisions"}],"predecessor-version":[{"id":839,"href":"https:\/\/www.champagne-fedyk-chambres-hotes-hautvillers.com\/la-chevalee\/wp-json\/wp\/v2\/pages\/464\/revisions\/839"}],"wp:attachment":[{"href":"https:\/\/www.champagne-fedyk-chambres-hotes-hautvillers.com\/la-chevalee\/wp-json\/wp\/v2\/media?parent=464"}],"curies":[{"name":"wp","href":"https:\/\/api.w.org\/{rel}","templated":true}]}}