{"id":477,"date":"2021-02-17T10:38:25","date_gmt":"2021-02-17T09:38:25","guid":{"rendered":"https:\/\/champagne-fedyk-chambres-hotes-hautvillers.com\/la-chevalee\/?page_id=477"},"modified":"2025-06-10T14:19:17","modified_gmt":"2025-06-10T12:19:17","slug":"zingaro-2","status":"publish","type":"page","link":"https:\/\/www.champagne-fedyk-chambres-hotes-hautvillers.com\/la-chevalee\/zingaro-2\/","title":{"rendered":"Zingaro"},"content":{"rendered":"<div id=\"metaslider-id-268\" style=\"width: 100%;\" class=\"ml-slider-3-31-0 metaslider metaslider-flex metaslider-268 ml-slider ms-theme-default\">\n    <div id=\"metaslider_container_268\">\n        <div id=\"metaslider_268\">\n            <ul aria-live=\"polite\" class=\"slides\">\n                <li style=\"display: block; width: 100%;\" class=\"slide-270 ms-image\"><img src=\"https:\/\/www.champagne-fedyk-chambres-hotes-hautvillers.com\/la-chevalee\/wp-content\/uploads\/2022\/02\/00024_davidgrimbert-1500x900.jpg\" height=\"900\" width=\"1500\" alt=\"\" class=\"slider-268 slide-270\" title=\"00024_davidgrimbert\" \/><\/li>\n                <li style=\"display: none; width: 100%;\" class=\"slide-272 ms-image\"><img src=\"https:\/\/www.champagne-fedyk-chambres-hotes-hautvillers.com\/la-chevalee\/wp-content\/uploads\/2022\/02\/00021_davidgrimbert-1500x900.jpg\" height=\"900\" width=\"1500\" alt=\"\" class=\"slider-268 slide-272\" title=\"00021_davidgrimbert\" \/><\/li>\n                <li style=\"display: none; width: 100%;\" class=\"slide-274 ms-image\"><img src=\"https:\/\/www.champagne-fedyk-chambres-hotes-hautvillers.com\/la-chevalee\/wp-content\/uploads\/2020\/11\/photoriginale3-24-1500x900.jpg\" height=\"900\" width=\"1500\" alt=\"chambre zingaro\" class=\"slider-268 slide-274\" title=\"photoriginale3-24\" \/><\/li>\n                <li style=\"display: none; width: 100%;\" class=\"slide-276 ms-image\"><img src=\"https:\/\/www.champagne-fedyk-chambres-hotes-hautvillers.com\/la-chevalee\/wp-content\/uploads\/2020\/11\/photoriginale5-24-1500x900.jpg\" height=\"900\" width=\"1500\" alt=\"\" class=\"slider-268 slide-276\" title=\"photoriginale5-24\" \/><\/li>\n                <li style=\"display: none; width: 100%;\" class=\"slide-278 ms-image\"><img src=\"https:\/\/www.champagne-fedyk-chambres-hotes-hautvillers.com\/la-chevalee\/wp-content\/uploads\/2020\/11\/photoriginale4-24-1500x900.jpg\" height=\"900\" width=\"1500\" alt=\"chambre zingaro\" class=\"slider-268 slide-278\" title=\"photoriginale4-24\" \/><\/li>\n            <\/ul>\n        <\/div>\n        \n    <\/div>\n<\/div>\n\n\n\n\n<section id=\"section0\" class=\"chbs_section chbs_section_single\">\n<div class=\"chb_content\">\n<div class=\"equipements\">\n<div class=\"div_content\">\n<p>La Cheval\u00e9e, Chambres d&rsquo;h\u00f4tes , situ\u00e9e entre vignes et for\u00eat \u00e0 proximit\u00e9 d&rsquo;Epernay, vous accueille \u00e0 Hautvillers, Berceau du Champagne.<\/p>\n<p>Toutes nos suites (45 m2) vous offrent qualit\u00e9, confort et d\u00e9coration soign\u00e9e, vue sur le vignoble, jardin et piscine.<\/p>\n<ul class=\"pictos_list\">\n<li>\n<div class=\"picto_container\"><img decoding=\"async\" src=\"https:\/\/champagne-fedyk-chambres-hotes-hautvillers.com\/la-chevalee\/wp-content\/uploads\/2021\/02\/005-television-01.png\" alt=\"\" \/><\/div>\n<div class=\"text\">T\u00e9l\u00e9vision \u00e9cran plat<\/div>\n<\/li>\n<li>\n<div class=\"picto_container\"><img decoding=\"async\" src=\"https:\/\/champagne-fedyk-chambres-hotes-hautvillers.com\/la-chevalee\/wp-content\/uploads\/2021\/02\/003-bed-1-01.png\" alt=\"\" \/><\/div>\n<div class=\"text\">King size<\/div>\n<\/li>\n<li>\n<div class=\"picto_container\"><img decoding=\"async\" src=\"https:\/\/champagne-fedyk-chambres-hotes-hautvillers.com\/la-chevalee\/wp-content\/uploads\/2021\/02\/009-coffee-cup-01.png\" alt=\"\" \/><\/div>\n<div class=\"text\">Th\u00e9 \/ caf\u00e9<\/div>\n<\/li>\n<li>\n<div class=\"picto_container\"><img decoding=\"async\" src=\"https:\/\/champagne-fedyk-chambres-hotes-hautvillers.com\/la-chevalee\/wp-content\/uploads\/2021\/02\/014-shower-2-01.png\" alt=\"\" \/><\/div>\n<div class=\"text\">Douche et baignoire &#8211; peignoir<\/div>\n<\/li>\n<li>\n<div class=\"picto_container\"><img decoding=\"async\" src=\"https:\/\/champagne-fedyk-chambres-hotes-hautvillers.com\/la-chevalee\/wp-content\/uploads\/2021\/02\/002-cosmetics-01.png\" alt=\"\" \/><\/div>\n<div class=\"text\">Produits d&rsquo;accueil<\/div>\n<\/li>\n<li>\n<div class=\"picto_container\"><img decoding=\"async\" src=\"https:\/\/champagne-fedyk-chambres-hotes-hautvillers.com\/la-chevalee\/wp-content\/uploads\/2021\/02\/016-wifi-01.png\" alt=\"\" \/><\/div>\n<div class=\"text\">Wi-fi gratuit<\/div>\n<\/li>\n<li>\n<div class=\"picto_container\"><img decoding=\"async\" src=\"https:\/\/champagne-fedyk-chambres-hotes-hautvillers.com\/la-chevalee\/wp-content\/uploads\/2021\/02\/018-terrace-01.png\" alt=\"\" \/><\/div>\n<div class=\"text\">Jardin terrasse<\/div>\n<\/li>\n<li>\n<div class=\"picto_container\"><img decoding=\"async\" src=\"https:\/\/champagne-fedyk-chambres-hotes-hautvillers.com\/la-chevalee\/wp-content\/uploads\/2021\/02\/021-swimming-pool-01.png\" alt=\"\" \/><\/div>\n<div class=\"text\">Piscine ext\u00e9rieure chauff\u00e9e<\/div>\n<\/li>\n<li>\n<div class=\"picto_container\"><img decoding=\"async\" src=\"https:\/\/champagne-fedyk-chambres-hotes-hautvillers.com\/la-chevalee\/wp-content\/uploads\/2021\/02\/023-coffee-1.png\" alt=\"\" \/><\/div>\n<div class=\"text\">Petit d\u00e9jeuner offert<\/div>\n<\/li>\n<li>\n<div class=\"picto_container\"><img decoding=\"async\" src=\"https:\/\/champagne-fedyk-chambres-hotes-hautvillers.com\/la-chevalee\/wp-content\/uploads\/2021\/02\/031-parking-3-01.png\" alt=\"\" \/><\/div>\n<div class=\"text\">Parking priv\u00e9 de nuit<\/div>\n<\/li>\n<li>\n<div class=\"picto_container\"><img decoding=\"async\" src=\"https:\/\/champagne-fedyk-chambres-hotes-hautvillers.com\/la-chevalee\/wp-content\/uploads\/2021\/02\/032-panorama-01.png\" alt=\"\" \/><\/div>\n<div class=\"text\">Jardin &#8211; piscine &#8211; vignoble<\/div>\n<\/li>\n<li>\n<div class=\"picto_container\"><img decoding=\"async\" src=\"https:\/\/champagne-fedyk-chambres-hotes-hautvillers.com\/la-chevalee\/wp-content\/uploads\/2021\/02\/034-air-conditioner-01.png\" alt=\"\" \/><\/div>\n<div class=\"text\">Climatisation individuelle<\/div>\n<\/li>\n<\/ul>\n<\/div>\n<\/div>\n<div class=\"tarifs\">\n<h3>Tarifs<\/h3>\n<div class=\"div_content\">\u00a0<\/div>\n<\/div>\n<div class=\"informations\">\n<div class=\"div_content\">\n<p>Tarif pour 1 nuit\/2 personnes\/petit d\u00e9jeuner : 220 \u20ac<\/p>\n<p>Tarif pour 1 nuit\/1 personne\/petit d\u00e9jeuner :135 \u20ac<\/p>\n<p>R\u00e8glement par virement<\/p>\n<div class=\"tarifs\">\n<div class=\"div_content\">\n<p>Paiement 50% \u00e0 la r\u00e9servation<\/p>\n<p>remboursable si annulation 15 jours avant la date d\u2019arriv\u00e9e.<\/p>\n<p>\u00a0<\/p>\n<\/div>\n<\/div>\n<div class=\"informations\">\n<div class=\"div_content\">\n<p>Arriv\u00e9e de 17h00 \u00e0 19h00 \/ D\u00e9part 10h30<\/p>\n<p>Parking li\u00e9 avec la location de la chambre<\/p>\n<p>Parking de nuit de 17h00 \u00e0 10h30 : offert<\/p>\n<p>Parking de jour de 10h30 \u00e0 17h00 : 40 \u20ac<\/p>\n<\/div>\n<\/div>\n<p>\u00a0<\/p>\n<\/div>\n<\/div>\n<\/div>\n<\/section>","protected":false},"excerpt":{"rendered":"<p>La Cheval\u00e9e, Chambres d&rsquo;h\u00f4tes , situ\u00e9e entre vignes et for\u00eat \u00e0 proximit\u00e9 d&rsquo;Epernay, vous accueille \u00e0 Hautvillers, Berceau du Champagne. Toutes nos suites (45 m2) vous offrent qualit\u00e9, confort et d\u00e9coration soign\u00e9e, vue sur le vignoble, jardin et piscine. T\u00e9l\u00e9vision \u00e9cran plat King size Th\u00e9 \/ caf\u00e9 Douche et baignoire &#8211; peignoir Produits d&rsquo;accueil Wi-fi [&hellip;]<\/p>\n","protected":false},"author":1,"featured_media":0,"parent":0,"menu_order":0,"comment_status":"closed","ping_status":"closed","template":"","meta":[],"_links":{"self":[{"href":"https:\/\/www.champagne-fedyk-chambres-hotes-hautvillers.com\/la-chevalee\/wp-json\/wp\/v2\/pages\/477"}],"collection":[{"href":"https:\/\/www.champagne-fedyk-chambres-hotes-hautvillers.com\/la-chevalee\/wp-json\/wp\/v2\/pages"}],"about":[{"href":"https:\/\/www.champagne-fedyk-chambres-hotes-hautvillers.com\/la-chevalee\/wp-json\/wp\/v2\/types\/page"}],"author":[{"embeddable":true,"href":"https:\/\/www.champagne-fedyk-chambres-hotes-hautvillers.com\/la-chevalee\/wp-json\/wp\/v2\/users\/1"}],"replies":[{"embeddable":true,"href":"https:\/\/www.champagne-fedyk-chambres-hotes-hautvillers.com\/la-chevalee\/wp-json\/wp\/v2\/comments?post=477"}],"version-history":[{"count":12,"href":"https:\/\/www.champagne-fedyk-chambres-hotes-hautvillers.com\/la-chevalee\/wp-json\/wp\/v2\/pages\/477\/revisions"}],"predecessor-version":[{"id":842,"href":"https:\/\/www.champagne-fedyk-chambres-hotes-hautvillers.com\/la-chevalee\/wp-json\/wp\/v2\/pages\/477\/revisions\/842"}],"wp:attachment":[{"href":"https:\/\/www.champagne-fedyk-chambres-hotes-hautvillers.com\/la-chevalee\/wp-json\/wp\/v2\/media?parent=477"}],"curies":[{"name":"wp","href":"https:\/\/api.w.org\/{rel}","templated":true}]}}